{"id":2,"date":"2021-04-19T13:42:48","date_gmt":"2021-04-19T13:42:48","guid":{"rendered":"https:\/\/opgoreski.hr\/?page_id=2"},"modified":"2023-04-20T09:38:20","modified_gmt":"2023-04-20T09:38:20","slug":"sample-page","status":"publish","type":"page","link":"https:\/\/opgoreski.hr\/?page_id=2","title":{"rendered":"Na\u0161e bu\u010de"},"content":{"rendered":"\t\t<div data-elementor-type=\"wp-page\" data-elementor-id=\"2\" class=\"elementor elementor-2\" data-elementor-settings=\"[]\">\n\t\t\t\t\t\t\t<div class=\"elementor-section-wrap\">\n\t\t\t\t\t\t\t<section class=\"elementor-section elementor-top-section elementor-element elementor-element-70b05a19 elementor-section-boxed elementor-section-height-default elementor-section-height-default\" data-id=\"70b05a19\" data-element_type=\"section\">\n\t\t\t\t\t\t<div class=\"elementor-container elementor-column-gap-default\">\n\t\t\t\t\t<div class=\"elementor-column elementor-col-100 elementor-top-column elementor-element elementor-element-22227dcf\" data-id=\"22227dcf\" data-element_type=\"column\">\n\t\t\t<div class=\"elementor-widget-wrap elementor-element-populated\">\n\t\t\t\t\t\t\t\t<div class=\"elementor-element elementor-element-2892c39e elementor-widget elementor-widget-text-editor\" data-id=\"2892c39e\" data-element_type=\"widget\" data-widget_type=\"text-editor.default\">\n\t\t\t\t<div class=\"elementor-widget-container\">\n\t\t\t\t\t\t\t\t<p class=\"Standard\" style=\"text-align: justify; text-justify: inter-ideograph;\">Na\u0161e bu\u010de rastu na za\u0161ti\u0107enom podru\u010dju Regionalnog parka Mura \u2013 Drava &#8211; Dunav, koji je dio jednog od najva\u017enijih europskih rije\u010dnih ekosustava.<br \/>Ora\u0161asta aroma i zavodljiv miris posti\u017eu da se ovo ulje odli\u010dno sljubljuje sa salatama, osobito sa grahom, krumpirom i zelenom salatom. Namazima daje notu profinjenosti, a kap ili dvije na sladoledu od vanilije okupat \u0107e Va\u0161e nepce sa nje\u017enom sofisticirano\u0161\u0107u.<br \/>Bu\u010dino ulje odli\u010dna je kombinacija sa svim vrstama sireva!<\/p><p align=\"justify\">Svibovec Podravski, maleno mjesto gdje se nalazimo mi i na\u0161e oranice spada u za\u0161ti\u0107eno podru\u010dje.\u00a0 Obzirom da ga sa sjevera i sjeverozapada ome\u0111uje Drava, a sa juga i jugoistoka umjetni kanal, preko \u010dijeg mosta vodi jedina cesta do nas, volimo re\u0107i da\u00a0 \u017eivimo na otoku.<\/p><p align=\"justify\">A \u017eivot na otoku, poga\u0111ate ve\u0107, \u010dista je idila.<\/p><p class=\"Standard\" style=\"text-align: justify; text-justify: inter-ideograph;\">Our pumpkins are growing in a protected area of Mura \u2013 Drava &#8211; Dunav Regional Park, which is a part of one of the most important european river eko systems.<br \/>Nutty flavor and seducive scent make this oil a great combination with a salats, especialys with beans, potatos and a green salat. To the spreads it gives a note of sophistication and a drop or two in the vannila icecream will immerce your palate with a gentle experience. Pumpkin oil makes a great combination with all kind of cheese!<\/p><p>Svibovec Podravski is a small village, part of a protected area of Mura \u2013 Drava \u2013 Dunav Regional Park. It is surrounded by the river canal from the south and by the Drava river from north so we can proudly say that we live on the island.<\/p><p>And as you can imagine &#8211;\u00a0 life on island is magnificent!<\/p><p>\u00a0<\/p><p>\u00a0 \u00a0 \u00a0 \u00a0 \u00a0 \u00a0 \u00a0 \u00a0 \u00a0 \u00a0 <img loading=\"lazy\" decoding=\"async\" class=\"alignnone wp-image-131\" src=\"https:\/\/opgoreski.hr\/wp-content\/uploads\/2021\/10\/Photo-from-Janja-6-300x169.jpg\" alt=\"\" width=\"214\" height=\"121\" srcset=\"https:\/\/opgoreski.hr\/wp-content\/uploads\/2021\/10\/Photo-from-Janja-6-300x169.jpg 300w, https:\/\/opgoreski.hr\/wp-content\/uploads\/2021\/10\/Photo-from-Janja-6-1024x576.jpg 1024w, https:\/\/opgoreski.hr\/wp-content\/uploads\/2021\/10\/Photo-from-Janja-6-768x432.jpg 768w, https:\/\/opgoreski.hr\/wp-content\/uploads\/2021\/10\/Photo-from-Janja-6-1536x864.jpg 1536w, https:\/\/opgoreski.hr\/wp-content\/uploads\/2021\/10\/Photo-from-Janja-6-1320x742.jpg 1320w, https:\/\/opgoreski.hr\/wp-content\/uploads\/2021\/10\/Photo-from-Janja-6-600x337.jpg 600w, https:\/\/opgoreski.hr\/wp-content\/uploads\/2021\/10\/Photo-from-Janja-6.jpg 1599w\" sizes=\"auto, (max-width: 214px) 100vw, 214px\" \/>\u00a0 \u00a0 \u00a0 \u00a0 \u00a0 \u00a0 \u00a0 \u00a0 \u00a0 \u00a0 \u00a0 \u00a0 \u00a0 \u00a0 \u00a0 \u00a0<img loading=\"lazy\" decoding=\"async\" class=\"alignnone wp-image-108\" src=\"https:\/\/opgoreski.hr\/wp-content\/uploads\/2021\/10\/Photo-from-Janja-300x135.jpg\" alt=\"\" width=\"269\" height=\"121\" srcset=\"https:\/\/opgoreski.hr\/wp-content\/uploads\/2021\/10\/Photo-from-Janja-300x135.jpg 300w, https:\/\/opgoreski.hr\/wp-content\/uploads\/2021\/10\/Photo-from-Janja-1024x461.jpg 1024w, https:\/\/opgoreski.hr\/wp-content\/uploads\/2021\/10\/Photo-from-Janja-768x346.jpg 768w, https:\/\/opgoreski.hr\/wp-content\/uploads\/2021\/10\/Photo-from-Janja-1536x692.jpg 1536w, https:\/\/opgoreski.hr\/wp-content\/uploads\/2021\/10\/Photo-from-Janja-1320x595.jpg 1320w, https:\/\/opgoreski.hr\/wp-content\/uploads\/2021\/10\/Photo-from-Janja-600x270.jpg 600w, https:\/\/opgoreski.hr\/wp-content\/uploads\/2021\/10\/Photo-from-Janja.jpg 1600w\" sizes=\"auto, (max-width: 269px) 100vw, 269px\" \/><\/p><p>\u00a0 \u00a0 \u00a0 \u00a0 \u00a0 \u00a0 \u00a0 \u00a0 \u00a0 \u00a0 \u00a0 \u00a0 \u00a0<img loading=\"lazy\" decoding=\"async\" class=\"alignnone wp-image-111\" src=\"https:\/\/opgoreski.hr\/wp-content\/uploads\/2021\/10\/Photo-from-Janja-1-300x225.jpg\" alt=\"\" width=\"173\" height=\"130\" srcset=\"https:\/\/opgoreski.hr\/wp-content\/uploads\/2021\/10\/Photo-from-Janja-1-300x225.jpg 300w, https:\/\/opgoreski.hr\/wp-content\/uploads\/2021\/10\/Photo-from-Janja-1-1024x768.jpg 1024w, https:\/\/opgoreski.hr\/wp-content\/uploads\/2021\/10\/Photo-from-Janja-1-768x576.jpg 768w, https:\/\/opgoreski.hr\/wp-content\/uploads\/2021\/10\/Photo-from-Janja-1-1536x1152.jpg 1536w, https:\/\/opgoreski.hr\/wp-content\/uploads\/2021\/10\/Photo-from-Janja-1-1320x990.jpg 1320w, https:\/\/opgoreski.hr\/wp-content\/uploads\/2021\/10\/Photo-from-Janja-1-600x450.jpg 600w, https:\/\/opgoreski.hr\/wp-content\/uploads\/2021\/10\/Photo-from-Janja-1.jpg 1600w\" sizes=\"auto, (max-width: 173px) 100vw, 173px\" \/>\u00a0 \u00a0 \u00a0 \u00a0 \u00a0 \u00a0 \u00a0 \u00a0 \u00a0 \u00a0 \u00a0 \u00a0 \u00a0 \u00a0 \u00a0 \u00a0 \u00a0 \u00a0 \u00a0 \u00a0 \u00a0 <img loading=\"lazy\" decoding=\"async\" class=\"alignnone wp-image-62\" src=\"https:\/\/opgoreski.hr\/wp-content\/uploads\/2021\/04\/cropped-cropped-shutterstock_1941164284-mala-4MP-300x200.jpg\" alt=\"\" width=\"190\" height=\"126\" srcset=\"https:\/\/opgoreski.hr\/wp-content\/uploads\/2021\/04\/cropped-cropped-shutterstock_1941164284-mala-4MP-300x200.jpg 300w, https:\/\/opgoreski.hr\/wp-content\/uploads\/2021\/04\/cropped-cropped-shutterstock_1941164284-mala-4MP-600x400.jpg 600w, https:\/\/opgoreski.hr\/wp-content\/uploads\/2021\/04\/cropped-cropped-shutterstock_1941164284-mala-4MP-1024x683.jpg 1024w, https:\/\/opgoreski.hr\/wp-content\/uploads\/2021\/04\/cropped-cropped-shutterstock_1941164284-mala-4MP-768x512.jpg 768w, https:\/\/opgoreski.hr\/wp-content\/uploads\/2021\/04\/cropped-cropped-shutterstock_1941164284-mala-4MP-1536x1024.jpg 1536w, https:\/\/opgoreski.hr\/wp-content\/uploads\/2021\/04\/cropped-cropped-shutterstock_1941164284-mala-4MP-825x550.jpg 825w, https:\/\/opgoreski.hr\/wp-content\/uploads\/2021\/04\/cropped-cropped-shutterstock_1941164284-mala-4MP-1500x1000.jpg 1500w, https:\/\/opgoreski.hr\/wp-content\/uploads\/2021\/04\/cropped-cropped-shutterstock_1941164284-mala-4MP-400x267.jpg 400w, https:\/\/opgoreski.hr\/wp-content\/uploads\/2021\/04\/cropped-cropped-shutterstock_1941164284-mala-4MP.jpg 1920w\" sizes=\"auto, (max-width: 190px) 100vw, 190px\" \/>\u00a0<\/p>\t\t\t\t\t\t<\/div>\n\t\t\t\t<\/div>\n\t\t\t\t\t<\/div>\n\t\t<\/div>\n\t\t\t\t\t\t\t<\/div>\n\t\t<\/section>\n\t\t\t\t\t\t<\/div>\n\t\t\t\t\t<\/div>\n\t\t","protected":false},"excerpt":{"rendered":"<p>Na\u0161e bu\u010de rastu na za\u0161ti\u0107enom podru\u010dju Regionalnog parka Mura \u2013 Drava &#8211; Dunav, koji je dio jednog od najva\u017enijih europskih rije\u010dnih ekosustava.Ora\u0161asta aroma i zavodljiv miris posti\u017eu da se ovo ulje odli\u010dno sljubljuje sa salatama, osobito sa grahom, krumpirom i zelenom salatom. Namazima daje notu profinjenosti, a kap ili dvije na sladoledu od vanilije okupat [&hellip;]<\/p>\n","protected":false},"author":1,"featured_media":0,"parent":0,"menu_order":0,"comment_status":"closed","ping_status":"open","template":"","meta":{"spay_email":"","footnotes":""},"class_list":["post-2","page","type-page","status-publish","hentry"],"_links":{"self":[{"href":"https:\/\/opgoreski.hr\/index.php?rest_route=\/wp\/v2\/pages\/2","targetHints":{"allow":["GET"]}}],"collection":[{"href":"https:\/\/opgoreski.hr\/index.php?rest_route=\/wp\/v2\/pages"}],"about":[{"href":"https:\/\/opgoreski.hr\/index.php?rest_route=\/wp\/v2\/types\/page"}],"author":[{"embeddable":true,"href":"https:\/\/opgoreski.hr\/index.php?rest_route=\/wp\/v2\/users\/1"}],"replies":[{"embeddable":true,"href":"https:\/\/opgoreski.hr\/index.php?rest_route=%2Fwp%2Fv2%2Fcomments&post=2"}],"version-history":[{"count":23,"href":"https:\/\/opgoreski.hr\/index.php?rest_route=\/wp\/v2\/pages\/2\/revisions"}],"predecessor-version":[{"id":229,"href":"https:\/\/opgoreski.hr\/index.php?rest_route=\/wp\/v2\/pages\/2\/revisions\/229"}],"wp:attachment":[{"href":"https:\/\/opgoreski.hr\/index.php?rest_route=%2Fwp%2Fv2%2Fmedia&parent=2"}],"curies":[{"name":"wp","href":"https:\/\/api.w.org\/{rel}","templated":true}]}}