{"id":153,"date":"2021-10-12T13:21:48","date_gmt":"2021-10-12T13:21:48","guid":{"rendered":"https:\/\/opgoreski.hr\/?product=hoodie-with-logo"},"modified":"2023-04-19T09:11:51","modified_gmt":"2023-04-19T09:11:51","slug":"hoodie-with-logo","status":"publish","type":"product","link":"https:\/\/opgoreski.hr\/?product=hoodie-with-logo","title":{"rendered":"Bu\u010dino ulje, 500ml, staklena boca"},"content":{"rendered":"<p>Ulje proizvedeno od ko\u0161tica bu\u010de koje rastu u vara\u017edinskom kraju, na podru\u010dju Svibovca Podravskog, pitoresknog sela uz bogatu rijeku Dravu.<\/p>\n<p>Bu\u010dino ulje djeluje posebno blagotvorno na ljudsko zdravlje. Toplo &#8211; pre\u0161ano ulje sadr\u017ei bjelan\u010devine, ugljikohidrate, minerale, esencijalne masne kiseline, vitamine grupe B, vitamin C te obiluje vitaminom E.<\/p>\n","protected":false},"excerpt":{"rendered":"<p>Ulje proizvedeno od ko\u0161tica bu\u010de koje rastu u vara\u017edinskom kraju, na podru\u010dju Svibovca Podravskog, pitoresknog sela uz bogatu rijeku Dravu. Bu\u010dino ulje djeluje posebno blagotvorno na ljudsko zdravlje. Toplo &#8211; pre\u0161ano ulje sadr\u017ei bjelan\u010devine, ugljikohidrate, minerale, esencijalne masne kiseline, vitamine grupe B, vitamin C te obiluje vitaminom E.<\/p>\n","protected":false},"featured_media":111,"comment_status":"open","ping_status":"closed","template":"","meta":{"spay_email":""},"product_cat":[17],"product_tag":[],"class_list":{"0":"post-153","1":"product","2":"type-product","3":"status-publish","4":"has-post-thumbnail","6":"product_cat-nekategorizirane","8":"first","9":"instock","10":"taxable","11":"shipping-taxable","12":"purchasable","13":"product-type-simple"},"_links":{"self":[{"href":"https:\/\/opgoreski.hr\/index.php?rest_route=\/wp\/v2\/product\/153","targetHints":{"allow":["GET"]}}],"collection":[{"href":"https:\/\/opgoreski.hr\/index.php?rest_route=\/wp\/v2\/product"}],"about":[{"href":"https:\/\/opgoreski.hr\/index.php?rest_route=\/wp\/v2\/types\/product"}],"replies":[{"embeddable":true,"href":"https:\/\/opgoreski.hr\/index.php?rest_route=%2Fwp%2Fv2%2Fcomments&post=153"}],"wp:featuredmedia":[{"embeddable":true,"href":"https:\/\/opgoreski.hr\/index.php?rest_route=\/wp\/v2\/media\/111"}],"wp:attachment":[{"href":"https:\/\/opgoreski.hr\/index.php?rest_route=%2Fwp%2Fv2%2Fmedia&parent=153"}],"wp:term":[{"taxonomy":"product_cat","embeddable":true,"href":"https:\/\/opgoreski.hr\/index.php?rest_route=%2Fwp%2Fv2%2Fproduct_cat&post=153"},{"taxonomy":"product_tag","embeddable":true,"href":"https:\/\/opgoreski.hr\/index.php?rest_route=%2Fwp%2Fv2%2Fproduct_tag&post=153"}],"curies":[{"name":"wp","href":"https:\/\/api.w.org\/{rel}","templated":true}]}}